{"id":1934,"date":"2025-02-20T21:18:48","date_gmt":"2025-02-20T21:18:48","guid":{"rendered":"https:\/\/nooldent.ro\/?page_id=1934"},"modified":"2025-02-20T21:32:32","modified_gmt":"2025-02-20T21:32:32","slug":"politica-privind-fisierele-cookies","status":"publish","type":"page","link":"https:\/\/nooldent.ro\/en\/politica-privind-fisierele-cookies\/","title":{"rendered":"Cookie policy"},"content":{"rendered":"<div data-elementor-type=\"wp-page\" data-elementor-id=\"1934\" class=\"elementor elementor-1934\" data-elementor-settings=\"{&quot;element_pack_global_tooltip_width&quot;:{&quot;unit&quot;:&quot;px&quot;,&quot;size&quot;:&quot;&quot;,&quot;sizes&quot;:[]},&quot;element_pack_global_tooltip_width_tablet&quot;:{&quot;unit&quot;:&quot;px&quot;,&quot;size&quot;:&quot;&quot;,&quot;sizes&quot;:[]},&quot;element_pack_global_tooltip_width_mobile&quot;:{&quot;unit&quot;:&quot;px&quot;,&quot;size&quot;:&quot;&quot;,&quot;sizes&quot;:[]},&quot;element_pack_global_tooltip_padding&quot;:{&quot;unit&quot;:&quot;px&quot;,&quot;top&quot;:&quot;&quot;,&quot;right&quot;:&quot;&quot;,&quot;bottom&quot;:&quot;&quot;,&quot;left&quot;:&quot;&quot;,&quot;isLinked&quot;:true},&quot;element_pack_global_tooltip_padding_tablet&quot;:{&quot;unit&quot;:&quot;px&quot;,&quot;top&quot;:&quot;&quot;,&quot;right&quot;:&quot;&quot;,&quot;bottom&quot;:&quot;&quot;,&quot;left&quot;:&quot;&quot;,&quot;isLinked&quot;:true},&quot;element_pack_global_tooltip_padding_mobile&quot;:{&quot;unit&quot;:&quot;px&quot;,&quot;top&quot;:&quot;&quot;,&quot;right&quot;:&quot;&quot;,&quot;bottom&quot;:&quot;&quot;,&quot;left&quot;:&quot;&quot;,&quot;isLinked&quot;:true},&quot;element_pack_global_tooltip_border_radius&quot;:{&quot;unit&quot;:&quot;px&quot;,&quot;top&quot;:&quot;&quot;,&quot;right&quot;:&quot;&quot;,&quot;bottom&quot;:&quot;&quot;,&quot;left&quot;:&quot;&quot;,&quot;isLinked&quot;:true},&quot;element_pack_global_tooltip_border_radius_tablet&quot;:{&quot;unit&quot;:&quot;px&quot;,&quot;top&quot;:&quot;&quot;,&quot;right&quot;:&quot;&quot;,&quot;bottom&quot;:&quot;&quot;,&quot;left&quot;:&quot;&quot;,&quot;isLinked&quot;:true},&quot;element_pack_global_tooltip_border_radius_mobile&quot;:{&quot;unit&quot;:&quot;px&quot;,&quot;top&quot;:&quot;&quot;,&quot;right&quot;:&quot;&quot;,&quot;bottom&quot;:&quot;&quot;,&quot;left&quot;:&quot;&quot;,&quot;isLinked&quot;:true}}\">\n\t\t\t\t<div class=\"elementor-element elementor-element-bd10055 e-con-full e-flex e-con e-parent\" data-id=\"bd10055\" data-element_type=\"container\">\n\t\t<div class=\"elementor-element elementor-element-9353fe8 e-flex e-con-boxed e-con e-child\" data-id=\"9353fe8\" data-element_type=\"container\">\n\t\t\t\t\t<div class=\"e-con-inner\">\n\t\t\t\t<div class=\"elementor-element elementor-element-fec35ba ui-e-left ui-e-align-left elementor-widget__width-initial ui-e-align-tablet-center ui-e-align-mobile-center elementor-invisible elementor-widget elementor-widget-uicore-icon-box\" data-id=\"fec35ba\" data-element_type=\"widget\" data-settings=\"{&quot;position&quot;:&quot;left&quot;,&quot;_animation&quot;:&quot;zoomOutUp&quot;,&quot;_animation_delay&quot;:&quot;200&quot;,&quot;content_padding&quot;:{&quot;unit&quot;:&quot;px&quot;,&quot;top&quot;:&quot;&quot;,&quot;right&quot;:&quot;&quot;,&quot;bottom&quot;:&quot;&quot;,&quot;left&quot;:&quot;&quot;,&quot;isLinked&quot;:true},&quot;content_padding_tablet&quot;:{&quot;unit&quot;:&quot;px&quot;,&quot;top&quot;:&quot;&quot;,&quot;right&quot;:&quot;&quot;,&quot;bottom&quot;:&quot;&quot;,&quot;left&quot;:&quot;&quot;,&quot;isLinked&quot;:true},&quot;content_padding_mobile&quot;:{&quot;unit&quot;:&quot;px&quot;,&quot;top&quot;:&quot;&quot;,&quot;right&quot;:&quot;&quot;,&quot;bottom&quot;:&quot;&quot;,&quot;left&quot;:&quot;&quot;,&quot;isLinked&quot;:true}}\" data-widget_type=\"uicore-icon-box.default\">\n\t\t\t\t<div class=\"elementor-widget-container\">\n\t\t\t\t\t\n\t\t\t<div class=\"ui-e-ico-box\" >\n\n\t\t\t\t\n\t\t\t\t<div class='ui-e-flex-wrp'>\n\n\t\t\t\t\t\t\t\t\t\t\t<div class=\"ui-e-icon-wrp\">\n\n\t\t\t\t\t\t\t<svg aria-hidden=\"true\" class=\"e-font-icon-svg e-far-file\" viewbox=\"0 0 384 512\" xmlns=\"http:\/\/www.w3.org\/2000\/svg\"><path d=\"M369.9 97.9L286 14C277 5 264.8-.1 252.1-.1H48C21.5 0 0 21.5 0 48v416c0 26.5 21.5 48 48 48h288c26.5 0 48-21.5 48-48V131.9c0-12.7-5.1-25-14.1-34zM332.1 128H256V51.9l76.1 76.1zM48 464V48h160v104c0 13.3 10.7 24 24 24h104v288H48z\"><\/path><\/svg>\n\t\t\t\t\t\t<\/div>\n\t\t\t\t\t\n\t\t\t\t\t\n\t\t\t\t<\/div>\n\n\t\t\t\t<div class=\"ui-e-box-content\">\n\t\t\t\t\t<div class=\"ui-e-title-wrp\"><p class=\"ui-e-title\"><\/p><\/div>\n\t\t\t\t\t<div class=\"ui-e-description\">\n\t\t\t\t\t\t\t\t\t\t\t<\/div>\n\n\t\t\t\t\t\n\t\t\t\t<\/div>\n\t\t\t<\/div>\n\t\t\t\t\t\t<\/div>\n\t\t\t\t<\/div>\n\t\t\t\t<div class=\"elementor-element elementor-element-8f9a15c elementor-widget__width-initial elementor-widget-mobile__width-inherit ui-e-a-animate elementor-invisible elementor-widget elementor-widget-highlighted-text\" data-id=\"8f9a15c\" data-element_type=\"widget\" data-settings=\"{&quot;_animation&quot;:&quot;zoomOutUp&quot;,&quot;_animation_delay&quot;:&quot;200&quot;}\" data-widget_type=\"highlighted-text.default\">\n\t\t\t\t<div class=\"elementor-widget-container\">\n\t\t\t\t\t\t\t<h2 class=\"ui-e--highlighted-text\" >\n        <span class=\"ui-e-headline-text elementor-repeater-item-c16e7c0\">Cookie policy<\/span>        <\/h2>\n        \t\t\t\t<\/div>\n\t\t\t\t<\/div>\n\t\t\t\t\t<\/div>\n\t\t\t\t<\/div>\n\t\t\t\t<\/div>\n\t\t<div class=\"elementor-element elementor-element-a24fb51 e-flex e-con-boxed e-con e-parent\" data-id=\"a24fb51\" data-element_type=\"container\">\n\t\t\t\t\t<div class=\"e-con-inner\">\n\t\t\t\t<div class=\"elementor-element elementor-element-c958f19 elementor-widget elementor-widget-text-editor\" data-id=\"c958f19\" data-element_type=\"widget\" data-widget_type=\"text-editor.default\">\n\t\t\t\t<div class=\"elementor-widget-container\">\n\t\t\t\t\t\t\t\t\t<p>Aceast\u0103 politic\u0103 explic\u0103 modul \u00een care site-ul nooldent.ro utilizeaz\u0103 cookie-uri pentru a v\u0103 \u00eembun\u0103t\u0103\u021bi experien\u021ba de navigare, pentru a analiza traficul \u0219i pentru a personaliza con\u021binutul. Prin utilizarea site-ului nostru, v\u0103 exprima\u021bi acordul pentru folosirea cookie-urilor conform acestei politici.<\/p><p>1. Ce sunt cookie-urile?<br \/>Cookie-urile sunt fi\u0219iere text mici stocate pe dispozitivul dvs. de c\u0103tre browser atunci c\u00e2nd vizita\u021bi un site web. Ele permit recunoa\u0219terea dispozitivului dvs. \u0219i faciliteaz\u0103 func\u021bionarea site-ului, stocarea preferin\u021belor \u0219i colectarea de informa\u021bii despre modul de utilizare a acestuia.<\/p><p>2. Cum folosim cookie-urile?<br \/>Folosim cookie-uri pentru a:<\/p><p>Asigura func\u021bionarea optim\u0103 \u0219i securitatea site-ului.<br \/>Analiza traficului \u0219i comportamentul vizitatorilor pentru a \u00eembun\u0103t\u0103\u021bi performan\u021ba \u0219i experien\u021ba de navigare.<br \/>Personaliza con\u021binutul \u0219i reclamele afi\u0219ate, adapt\u00e2ndu-le preferin\u021belor dvs.<br \/>Men\u021bine set\u0103rile \u0219i preferin\u021bele dvs. (ex.: limba, interfa\u021ba).<br \/>3. Tipuri de cookie-uri utilizate<br \/>Cookie-uri esen\u021biale:<br \/>Necesare pentru func\u021bionarea corect\u0103 a site-ului (ex.: men\u021binerea sesiunii, autentificare, securitate). Acestea sunt de obicei cookie-uri de sesiune, care se \u0219terg automat la \u00eenchiderea browserului.<\/p><p>Cookie-uri de performan\u021b\u0103:<br \/>Colecteaz\u0103 date anonime despre modul de utilizare a site-ului (ex.: pagini vizitate, timp petrecut pe site). Aceste informa\u021bii ne ajut\u0103 s\u0103 analiz\u0103m performan\u021ba site-ului \u0219i s\u0103-l optimiz\u0103m.<\/p><p>Cookie-uri func\u021bionale:<br \/>Permite stocarea preferin\u021belor dvs. de navigare (ex.: limba site-ului) pentru a v\u0103 oferi o experien\u021b\u0103 personalizat\u0103.<\/p><p>Cookie-uri de marketing:<br \/>Utilizate pentru a personaliza reclamele afi\u0219ate \u0219i pentru a urm\u0103ri eficien\u021ba campaniilor publicitare. Acestea pot fi plasate \u0219i de ter\u021bi, cum ar fi Google Analytics sau Facebook Pixel.<\/p><p>4. Durata de stocare a cookie-urilor<br \/>Cookie-uri de sesiune:<br \/>Sunt temporare \u0219i se \u0219terg automat la \u00eenchiderea browserului.<\/p><p>Cookie-uri persistente:<br \/>R\u0103m\u00e2n pe dispozitivul dvs. pentru o perioad\u0103 determinat\u0103 (de exemplu, 30 de zile sau mai mult), \u00een func\u021bie de scopul pentru care au fost setate.<\/p><p>5. Controlul cookie-urilor<br \/>Ave\u021bi posibilitatea de a gestiona, bloca sau \u0219terge cookie-urile prin set\u0103rile browserului dvs. Re\u021bine\u021bi c\u0103 dezactivarea cookie-urilor poate afecta func\u021bionalitatea site-ului \u0219i experien\u021ba de navigare. Pentru a afla mai multe despre cum s\u0103 modifica\u021bi set\u0103rile cookie-urilor, consulta\u021bi documenta\u021bia browserului dvs.<\/p><p>6. Informa\u021bii suplimentare<br \/>Pentru detalii complete despre modul \u00een care protej\u0103m \u0219i utiliz\u0103m datele dvs. cu caracter personal, v\u0103 rug\u0103m s\u0103 consulta\u021bi Politica noastr\u0103 de Confiden\u021bialitate (aceast\u0103 pagin\u0103 este dedicat\u0103 protec\u021biei datelor \u0219i se g\u0103se\u0219te \u00een subsolul site-ului).<\/p><p>7. Contact<br \/>Pentru orice \u00eentreb\u0103ri legate de aceast\u0103 Politic\u0103 de Cookie-uri, ne pute\u021bi contacta la:<br \/>Email: contact@nooldent.ro<\/p>\t\t\t\t\t\t\t\t<\/div>\n\t\t\t\t<\/div>\n\t\t\t\t\t<\/div>\n\t\t\t\t<\/div>\n\t\t\t\t<\/div>","protected":false},"excerpt":{"rendered":"<p>Politica privind fi\u0219ierele cookies Aceast\u0103 politic\u0103 explic\u0103 modul \u00een care site-ul nooldent.ro utilizeaz\u0103 cookie-uri pentru a v\u0103 \u00eembun\u0103t\u0103\u021bi experien\u021ba de navigare, pentru [&hellip;]<\/p>","protected":false},"author":1,"featured_media":0,"parent":0,"menu_order":0,"comment_status":"closed","ping_status":"closed","template":"","meta":{"footnotes":""},"class_list":["post-1934","page","type-page","status-publish","hentry"],"_links":{"self":[{"href":"https:\/\/nooldent.ro\/en\/wp-json\/wp\/v2\/pages\/1934","targetHints":{"allow":["GET"]}}],"collection":[{"href":"https:\/\/nooldent.ro\/en\/wp-json\/wp\/v2\/pages"}],"about":[{"href":"https:\/\/nooldent.ro\/en\/wp-json\/wp\/v2\/types\/page"}],"author":[{"embeddable":true,"href":"https:\/\/nooldent.ro\/en\/wp-json\/wp\/v2\/users\/1"}],"replies":[{"embeddable":true,"href":"https:\/\/nooldent.ro\/en\/wp-json\/wp\/v2\/comments?post=1934"}],"version-history":[{"count":7,"href":"https:\/\/nooldent.ro\/en\/wp-json\/wp\/v2\/pages\/1934\/revisions"}],"predecessor-version":[{"id":1949,"href":"https:\/\/nooldent.ro\/en\/wp-json\/wp\/v2\/pages\/1934\/revisions\/1949"}],"wp:attachment":[{"href":"https:\/\/nooldent.ro\/en\/wp-json\/wp\/v2\/media?parent=1934"}],"curies":[{"name":"wp","href":"https:\/\/api.w.org\/{rel}","templated":true}]}}